{"id":6600,"date":"2023-04-02T18:52:40","date_gmt":"2023-04-02T18:52:40","guid":{"rendered":"https:\/\/agraria.qodeinteractive.com\/?page_id=6600"},"modified":"2024-01-19T08:53:34","modified_gmt":"2024-01-19T01:53:34","slug":"contact-us","status":"publish","type":"page","link":"https:\/\/bossstack.com.vn\/vi\/contact-us\/","title":{"rendered":"Li\u00ean h\u1ec7"},"content":{"rendered":"<div data-elementor-type=\"wp-page\" data-elementor-id=\"6600\" class=\"elementor elementor-6600\">\n\t\t\t\t\t\t<section class=\"elementor-section elementor-top-section elementor-element elementor-element-6b39c50 elementor-section-full_width qodef-elementor-content-grid contactInfo-section elementor-section-height-default elementor-section-height-default\" data-id=\"6b39c50\" data-element_type=\"section\">\n\t\t\t\t\t\t<div class=\"elementor-container elementor-column-gap-default\">\n\t\t\t\t\t<div class=\"elementor-column elementor-col-33 elementor-top-column elementor-element elementor-element-d99c2bc\" data-id=\"d99c2bc\" data-element_type=\"column\" data-settings=\"{&quot;background_background&quot;:&quot;classic&quot;}\">\n\t\t\t<div class=\"elementor-widget-wrap elementor-element-populated\">\n\t\t\t\t\t\t<div class=\"elementor-element elementor-element-7063b91 elementor-position-left elementor-vertical-align-middle elementor-view-default elementor-mobile-position-top elementor-widget elementor-widget-icon-box\" data-id=\"7063b91\" data-element_type=\"widget\" data-widget_type=\"icon-box.default\">\n\t\t\t\t<div class=\"elementor-widget-container\">\n\t\t\t<link rel=\"stylesheet\" href=\"https:\/\/bossstack.com.vn\/wp-content\/plugins\/elementor\/assets\/css\/widget-icon-box.min.css\">\t\t<div class=\"elementor-icon-box-wrapper\">\n\n\t\t\t\t\t\t<div class=\"elementor-icon-box-icon\">\n\t\t\t\t<span  class=\"elementor-icon elementor-animation-\">\n\t\t\t\t<svg xmlns=\"http:\/\/www.w3.org\/2000\/svg\" width=\"48\" height=\"48\" viewbox=\"0 0 48 48\" fill=\"none\"><rect width=\"48\" height=\"48\" rx=\"24\" fill=\"#FFC200\"><\/rect><g clip-path=\"url(#clip0_237_1158)\"><path d=\"M28.4952 26.437C27.9582 25.9069 27.2879 25.9069 26.7543 26.437C26.3473 26.8406 25.9404 27.2441 25.5402 27.6545C25.4308 27.7674 25.3384 27.7913 25.205 27.7161C24.9417 27.5725 24.6613 27.4562 24.4082 27.2989C23.2282 26.5567 22.2399 25.6026 21.3643 24.5287C20.93 23.9952 20.5435 23.424 20.2733 22.7811C20.2186 22.6511 20.2289 22.5656 20.3349 22.4596C20.7419 22.0663 21.1386 21.6627 21.5387 21.2592C22.0962 20.6983 22.0962 20.0417 21.5353 19.4774C21.2173 19.1559 20.8992 18.8413 20.5811 18.5198C20.2528 18.1915 19.9279 17.8597 19.5961 17.5348C19.0592 17.0116 18.3889 17.0116 17.8553 17.5383C17.4449 17.9418 17.0516 18.3556 16.6344 18.7523C16.2479 19.1183 16.053 19.5663 16.0119 20.0896C15.9469 20.9411 16.1556 21.7448 16.4497 22.528C17.0516 24.1491 17.9682 25.5889 19.0797 26.909C20.5811 28.6942 22.3732 30.1067 24.4697 31.1258C25.4137 31.5841 26.3918 31.9363 27.4555 31.9945C28.1873 32.0355 28.8235 31.8508 29.3331 31.2797C29.6819 30.8898 30.0752 30.5342 30.4446 30.1614C30.9918 29.6073 30.9952 28.937 30.4514 28.3898C29.8016 27.7366 29.1484 27.0868 28.4952 26.437Z\" fill=\"white\"><\/path><path d=\"M27.4105 24L28.5714 23.7975C28.3889 22.7077 27.8856 21.7207 27.121 20.9363C26.3125 20.1101 25.2899 19.5893 24.1636 19.4286L24 20.6213C24.8715 20.7467 25.6643 21.1485 26.2904 21.7882C26.8819 22.3926 27.2689 23.1577 27.4105 24Z\" fill=\"white\"><\/path><path d=\"M29.423 18.6851C27.9899 17.2148 26.1766 16.2865 24.1749 16L24 17.2804C25.7292 17.5289 27.2969 18.333 28.5349 19.5997C29.709 20.8041 30.4794 22.3261 30.7586 24L32 23.7826C31.6737 21.843 30.7822 20.0828 29.423 18.6851Z\" fill=\"white\"><\/path><\/g><defs><clippath id=\"clip0_237_1158\"><rect width=\"16\" height=\"16\" fill=\"white\" transform=\"translate(16 16)\"><\/rect><\/clippath><\/defs><\/svg>\t\t\t\t<\/span>\n\t\t\t<\/div>\n\t\t\t\n\t\t\t\t\t\t<div class=\"elementor-icon-box-content\">\n\n\t\t\t\t\t\t\t\t\t<p class=\"elementor-icon-box-title\">\n\t\t\t\t\t\t<span  >\n\t\t\t\t\t\t\tS\u1ed0 \u0110I\u1ec6N THO\u1ea0I\t\t\t\t\t\t<\/span>\n\t\t\t\t\t<\/p>\n\t\t\t\t\n\t\t\t\t\t\t\t\t\t<p class=\"elementor-icon-box-description\">\n\t\t\t\t\t\t+84 918 905 500\t\t\t\t\t<\/p>\n\t\t\t\t\n\t\t\t<\/div>\n\t\t\t\n\t\t<\/div>\n\t\t\t\t<\/div>\n\t\t\t\t<\/div>\n\t\t\t\t\t<\/div>\n\t\t<\/div>\n\t\t\t\t<div class=\"elementor-column elementor-col-33 elementor-top-column elementor-element elementor-element-543ac09\" data-id=\"543ac09\" data-element_type=\"column\" data-settings=\"{&quot;background_background&quot;:&quot;classic&quot;}\">\n\t\t\t<div class=\"elementor-widget-wrap elementor-element-populated\">\n\t\t\t\t\t\t<div class=\"elementor-element elementor-element-6fd9a42 elementor-position-left elementor-vertical-align-middle elementor-view-default elementor-mobile-position-top elementor-widget elementor-widget-icon-box\" data-id=\"6fd9a42\" data-element_type=\"widget\" data-widget_type=\"icon-box.default\">\n\t\t\t\t<div class=\"elementor-widget-container\">\n\t\t\t\t\t<div class=\"elementor-icon-box-wrapper\">\n\n\t\t\t\t\t\t<div class=\"elementor-icon-box-icon\">\n\t\t\t\t<span  class=\"elementor-icon elementor-animation-\">\n\t\t\t\t<svg xmlns=\"http:\/\/www.w3.org\/2000\/svg\" width=\"49\" height=\"48\" viewbox=\"0 0 49 48\" fill=\"none\"><rect x=\"0.333252\" width=\"48\" height=\"48\" rx=\"24\" fill=\"#FFC200\"><\/rect><g clip-path=\"url(#clip0_237_1146)\"><path d=\"M25.6704 26.1194C25.2724 26.3653 24.81 26.4952 24.3333 26.4952C23.8566 26.4952 23.3942 26.3653 22.9961 26.1194L16.4398 22.07C16.4034 22.0475 16.368 22.0241 16.3333 22V28.6355C16.3333 29.3962 16.9997 30 17.8062 30H30.8603C31.6815 30 32.3333 29.3826 32.3333 28.6355V22C32.2985 22.0241 32.263 22.0476 32.2265 22.0701L25.6704 26.1194Z\" fill=\"white\"><\/path><path d=\"M16.9598 20.5479L23.5162 24.7608C23.7643 24.9203 24.0488 25 24.3332 25C24.6177 25 24.9022 24.9202 25.1503 24.7608L31.7067 20.5479C32.099 20.2959 32.3333 19.8742 32.3333 19.4191C32.3333 18.6366 31.6727 18 30.8608 18H17.8057C16.9938 18 16.3333 18.6366 16.3333 19.4199C16.3333 19.8742 16.5675 20.2959 16.9598 20.5479Z\" fill=\"white\"><\/path><\/g><defs><clippath id=\"clip0_237_1146\"><rect width=\"16\" height=\"16\" fill=\"white\" transform=\"translate(16.3333 16)\"><\/rect><\/clippath><\/defs><\/svg>\t\t\t\t<\/span>\n\t\t\t<\/div>\n\t\t\t\n\t\t\t\t\t\t<div class=\"elementor-icon-box-content\">\n\n\t\t\t\t\t\t\t\t\t<p class=\"elementor-icon-box-title\">\n\t\t\t\t\t\t<span  >\n\t\t\t\t\t\t\tEMAIL\t\t\t\t\t\t<\/span>\n\t\t\t\t\t<\/p>\n\t\t\t\t\n\t\t\t\t\t\t\t\t\t<p class=\"elementor-icon-box-description\">\n\t\t\t\t\t\tinfo@bossstack.com.vn \t\t\t\t\t<\/p>\n\t\t\t\t\n\t\t\t<\/div>\n\t\t\t\n\t\t<\/div>\n\t\t\t\t<\/div>\n\t\t\t\t<\/div>\n\t\t\t\t\t<\/div>\n\t\t<\/div>\n\t\t\t\t<div class=\"elementor-column elementor-col-33 elementor-top-column elementor-element elementor-element-221a517\" data-id=\"221a517\" data-element_type=\"column\" data-settings=\"{&quot;background_background&quot;:&quot;classic&quot;}\">\n\t\t\t<div class=\"elementor-widget-wrap elementor-element-populated\">\n\t\t\t\t\t\t<div class=\"elementor-element elementor-element-528acef elementor-position-left elementor-vertical-align-middle elementor-view-default elementor-mobile-position-top elementor-widget elementor-widget-icon-box\" data-id=\"528acef\" data-element_type=\"widget\" data-widget_type=\"icon-box.default\">\n\t\t\t\t<div class=\"elementor-widget-container\">\n\t\t\t\t\t<div class=\"elementor-icon-box-wrapper\">\n\n\t\t\t\t\t\t<div class=\"elementor-icon-box-icon\">\n\t\t\t\t<span  class=\"elementor-icon elementor-animation-\">\n\t\t\t\t<svg xmlns=\"http:\/\/www.w3.org\/2000\/svg\" width=\"49\" height=\"48\" viewbox=\"0 0 49 48\" fill=\"none\"><rect x=\"0.666504\" width=\"48\" height=\"48\" rx=\"24\" fill=\"#FFC200\"><\/rect><path fill-rule=\"evenodd\" clip-rule=\"evenodd\" d=\"M21.7039 28.9523H20.662C20.4936 28.9523 20.3454 29.0627 20.297 29.2239L19.6113 31.5096C19.5766 31.6247 19.5987 31.7496 19.6707 31.8464C19.7423 31.9431 19.8559 31.9999 19.9762 31.9999H29.3568C29.4772 31.9999 29.5907 31.9431 29.6623 31.8464C29.7343 31.7496 29.7564 31.6247 29.7218 31.5096L29.0361 29.2239C28.9877 29.0627 28.8395 28.9523 28.6711 28.9523H27.6292C26.422 30.2239 25.3557 31.0071 25.3427 31.0167C24.9401 31.3119 24.393 31.3119 23.9903 31.0167C23.9774 31.0071 22.9111 30.2239 21.7039 28.9523Z\" fill=\"white\"><\/path><path fill-rule=\"evenodd\" clip-rule=\"evenodd\" d=\"M24.6664 16C27.8203 16 30.3807 18.5604 30.3807 21.7143C30.3807 23.5821 29.5 25.3619 28.4295 26.8198C26.8577 28.9608 24.892 30.4023 24.892 30.4023C24.7579 30.501 24.575 30.501 24.4409 30.4023C24.3068 30.3036 22.4752 28.9608 20.9034 26.8198C19.8329 25.3619 18.9521 23.5821 18.9521 21.7143C18.9521 18.5604 21.5125 16 24.6664 16ZM24.6664 19.8095C23.615 19.8095 22.7617 20.6629 22.7617 21.7143C22.7617 22.7657 23.615 23.619 24.6664 23.619C25.7179 23.619 26.5712 22.7657 26.5712 21.7143C26.5712 20.6629 25.7179 19.8095 24.6664 19.8095Z\" fill=\"white\"><\/path><\/svg>\t\t\t\t<\/span>\n\t\t\t<\/div>\n\t\t\t\n\t\t\t\t\t\t<div class=\"elementor-icon-box-content\">\n\n\t\t\t\t\t\t\t\t\t<p class=\"elementor-icon-box-title\">\n\t\t\t\t\t\t<span  >\n\t\t\t\t\t\t\t\u0110\u1ecaA \u0110I\u1ec2M\t\t\t\t\t\t<\/span>\n\t\t\t\t\t<\/p>\n\t\t\t\t\n\t\t\t\t\t\t\t\t\t<p class=\"elementor-icon-box-description\">\n\t\t\t\t\t\tTh\u00e0nh ph\u1ed1 H\u1ed3 Ch\u00ed Minh, Vi\u1ec7t Nam\t\t\t\t\t<\/p>\n\t\t\t\t\n\t\t\t<\/div>\n\t\t\t\n\t\t<\/div>\n\t\t\t\t<\/div>\n\t\t\t\t<\/div>\n\t\t\t\t\t<\/div>\n\t\t<\/div>\n\t\t\t\t\t<\/div>\n\t\t<\/section>\n\t\t\t\t<section class=\"elementor-section elementor-top-section elementor-element elementor-element-c9f401c elementor-section-full_width qodef-elementor-content-grid contactForm-section elementor-section-height-default elementor-section-height-default\" data-id=\"c9f401c\" data-element_type=\"section\">\n\t\t\t\t\t\t<div class=\"elementor-container elementor-column-gap-default\">\n\t\t\t\t\t<div class=\"elementor-column elementor-col-33 elementor-top-column elementor-element elementor-element-789f014 contactUs-info\" data-id=\"789f014\" data-element_type=\"column\">\n\t\t\t<div class=\"elementor-widget-wrap elementor-element-populated\">\n\t\t\t\t\t\t<div class=\"elementor-element elementor-element-f29daa8 elementor-widget elementor-widget-heading\" data-id=\"f29daa8\" data-element_type=\"widget\" data-widget_type=\"heading.default\">\n\t\t\t\t<div class=\"elementor-widget-container\">\n\t\t\t<style>\/*! elementor - v3.21.0 - 26-05-2024 *\/\n.elementor-heading-title{padding:0;margin:0;line-height:1}.elementor-widget-heading .elementor-heading-title[class*=elementor-size-]>a{color:inherit;font-size:inherit;line-height:inherit}.elementor-widget-heading .elementor-heading-title.elementor-size-small{font-size:15px}.elementor-widget-heading .elementor-heading-title.elementor-size-medium{font-size:19px}.elementor-widget-heading .elementor-heading-title.elementor-size-large{font-size:29px}.elementor-widget-heading .elementor-heading-title.elementor-size-xl{font-size:39px}.elementor-widget-heading .elementor-heading-title.elementor-size-xxl{font-size:59px}<\/style><p class=\"elementor-heading-title elementor-size-default\">Th\u00f4ng tin li\u00ean h\u1ec7<\/p>\t\t<\/div>\n\t\t\t\t<\/div>\n\t\t\t\t<div class=\"elementor-element elementor-element-a1202c5 elementor-widget elementor-widget-text-editor\" data-id=\"a1202c5\" data-element_type=\"widget\" data-widget_type=\"text-editor.default\">\n\t\t\t\t<div class=\"elementor-widget-container\">\n\t\t\t<style>\/*! elementor - v3.21.0 - 26-05-2024 *\/\n.elementor-widget-text-editor.elementor-drop-cap-view-stacked .elementor-drop-cap{background-color:#69727d;color:#fff}.elementor-widget-text-editor.elementor-drop-cap-view-framed .elementor-drop-cap{color:#69727d;border:3px solid;background-color:transparent}.elementor-widget-text-editor:not(.elementor-drop-cap-view-default) .elementor-drop-cap{margin-top:8px}.elementor-widget-text-editor:not(.elementor-drop-cap-view-default) .elementor-drop-cap-letter{width:1em;height:1em}.elementor-widget-text-editor .elementor-drop-cap{float:left;text-align:center;line-height:1;font-size:50px}.elementor-widget-text-editor .elementor-drop-cap-letter{display:inline-block}<\/style>\t\t\t\t<p>BossStack t\u1ef1 h\u00e0o l\u00e0 doanh nghi\u1ec7p kinh doanh, xu\u1ea5t nh\u1eadp kh\u1ea9u nh\u1eefng \u0111\u01a1n h\u00e0ng c\u00f3 quy m\u00f4 l\u1edbn v\u1edbi ti\u00eau chu\u1ea9n h\u00e0ng h\u00f3a v\u00e0 s\u1ed1 l\u01b0\u1ee3ng c\u1ea1nh tranh nh\u1ea5t.<\/p>\t\t\t\t\t\t<\/div>\n\t\t\t\t<\/div>\n\t\t\t\t<div class=\"elementor-element elementor-element-e2e2136 elementor-widget elementor-widget-wp-widget-agraria_core_contact_form_7\" data-id=\"e2e2136\" data-element_type=\"widget\" data-widget_type=\"wp-widget-agraria_core_contact_form_7.default\">\n\t\t\t\t<div class=\"elementor-widget-container\">\n\t\t\t\t\t\t<div class=\"qodef-contact-form-7\">\n\t\t\t\t\n<div class=\"wpcf7 no-js\" id=\"wpcf7-f4797-o1\" lang=\"en-US\" dir=\"ltr\">\n<div class=\"screen-reader-response\"><p role=\"status\" aria-live=\"polite\" aria-atomic=\"true\"><\/p> <ul><\/ul><\/div>\n<form action=\"\/vi\/wp-json\/wp\/v2\/pages\/6600#wpcf7-f4797-o1\" method=\"post\" class=\"wpcf7-form init\" aria-label=\"Contact form\" novalidate=\"novalidate\" data-status=\"init\" data-trp-original-action=\"\/vi\/wp-json\/wp\/v2\/pages\/6600#wpcf7-f4797-o1\">\n<div style=\"display: none;\">\n<input type=\"hidden\" name=\"_wpcf7\" value=\"4797\" \/>\n<input type=\"hidden\" name=\"_wpcf7_version\" value=\"5.9.5\" \/>\n<input type=\"hidden\" name=\"_wpcf7_locale\" value=\"en_US\" \/>\n<input type=\"hidden\" name=\"_wpcf7_unit_tag\" value=\"wpcf7-f4797-o1\" \/>\n<input type=\"hidden\" name=\"_wpcf7_container_post\" value=\"0\" \/>\n<input type=\"hidden\" name=\"_wpcf7_posted_data_hash\" value=\"\" \/>\n<\/div>\n<div class=\"qodef-contact-form-style\">\n<div class=\"w-50\"><span class=\"wpcf7-form-control-wrap\" data-name=\"your-name\"><input size=\"40\" class=\"wpcf7-form-control wpcf7-text wpcf7-validates-as-required\" aria-required=\"true\" aria-invalid=\"false\" placeholder=\"T\u00ean\" value=\"\" type=\"text\" name=\"your-name\" \/><\/span><\/div>\n<div class=\"w-50\"><span class=\"wpcf7-form-control-wrap\" data-name=\"your-email\"><input size=\"40\" class=\"wpcf7-form-control wpcf7-email wpcf7-validates-as-required wpcf7-text wpcf7-validates-as-email\" aria-required=\"true\" aria-invalid=\"false\" placeholder=\"Email\" value=\"\" type=\"email\" name=\"your-email\" \/><\/span><\/div>\n<div class=\"w-100\"><span class=\"wpcf7-form-control-wrap\" data-name=\"your-topic\"><input size=\"40\" class=\"wpcf7-form-control wpcf7-text wpcf7-validates-as-required\" aria-required=\"true\" aria-invalid=\"false\" placeholder=\"Ch\u1ee7 \u0111\u1ec1\" value=\"\" type=\"text\" name=\"your-topic\" \/><\/span><\/div>\n<div class=\"w-100\"><span class=\"wpcf7-form-control-wrap\" data-name=\"your-message\"><textarea cols=\"40\" rows=\"5\" class=\"wpcf7-form-control wpcf7-textarea wpcf7-validates-as-required\" aria-required=\"true\" aria-invalid=\"false\" placeholder=\"N\u1ed9i dung\" name=\"your-message\"><\/textarea><\/span><\/div>\n<button class=\"wpcf7-form-control wpcf7-submit qodef-button qodef-size--normal qodef-layout--filled qodef-m\" type=\"submit\"><span class=\"qodef-m-text\">G\u1eedi<\/span><span class=\"qodef-m-icon\"><svg class=\"qodef-svg--button-arrow\" xmlns=\"http:\/\/www.w3.org\/2000\/svg\" width=\"15.494\" height=\"14.228\" viewbox=\"0 0 15.494 14.228\"><path d=\"m8.77664801 1.48433105 5.65685425 5.65685425L8.776648 12.79803955\"\/><path d=\"M13.478201 7.11360813H.75027894\"\/><\/svg><\/span><\/button>\n<\/div><div class=\"wpcf7-response-output\" aria-hidden=\"true\"><\/div>\n<input type=\"hidden\" name=\"trp-form-language\" value=\"vi\"\/><\/form>\n<\/div>\n\t\t\t<\/div>\n\t\t\t\t\t<\/div>\n\t\t\t\t<\/div>\n\t\t\t\t\t<\/div>\n\t\t<\/div>\n\t\t\t\t<div class=\"elementor-column elementor-col-33 elementor-top-column elementor-element elementor-element-dc7b593 elementor-hidden-tablet elementor-hidden-mobile\" data-id=\"dc7b593\" data-element_type=\"column\">\n\t\t\t<div class=\"elementor-widget-wrap\">\n\t\t\t\t\t\t\t<\/div>\n\t\t<\/div>\n\t\t\t\t<div class=\"elementor-column elementor-col-33 elementor-top-column elementor-element elementor-element-3abf4c0\" data-id=\"3abf4c0\" data-element_type=\"column\">\n\t\t\t<div class=\"elementor-widget-wrap elementor-element-populated\">\n\t\t\t\t\t\t<div class=\"elementor-element elementor-element-01dcc7c elementor-widget elementor-widget-google_maps\" data-id=\"01dcc7c\" data-element_type=\"widget\" data-widget_type=\"google_maps.default\">\n\t\t\t\t<div class=\"elementor-widget-container\">\n\t\t\t<style>\/*! elementor - v3.21.0 - 26-05-2024 *\/\n.elementor-widget-google_maps .elementor-widget-container{overflow:hidden}.elementor-widget-google_maps .elementor-custom-embed{line-height:0}.elementor-widget-google_maps iframe{height:300px}<\/style>\t\t<div class=\"elementor-custom-embed\">\n\t\t\t<iframe loading=\"lazy\"\n\t\t\t\t\tsrc=\"https:\/\/maps.google.com\/maps?q=720A%20%C4%90.%20%C4%90i%E1%BB%87n%20Bi%C3%AAn%20Ph%E1%BB%A7%2C%20Vinhomes%20T%C3%A2n%20C%E1%BA%A3ng%2C%20B%C3%ACnh%20Th%E1%BA%A1nh%2C%20Th%C3%A0nh%20ph%E1%BB%91%20H%E1%BB%93%20Ch%C3%AD%20Minh%2C%20Vi%E1%BB%87t%20Nam&#038;t=m&#038;z=14&#038;output=embed&#038;iwloc=near\"\n\t\t\t\t\ttitle=\"720A \u0110. \u0110i\u1ec7n Bi\u00ean Ph\u1ee7, Vinhomes T\u00e2n C\u1ea3ng, B\u00ecnh Th\u1ea1nh, Th\u00e0nh ph\u1ed1 H\u1ed3 Ch\u00ed Minh, Vi\u1ec7t Nam\"\n\t\t\t\t\taria-label=\"720A \u0110. \u0110i\u1ec7n Bi\u00ean Ph\u1ee7, Vinhomes T\u00e2n C\u1ea3ng, B\u00ecnh Th\u1ea1nh, Th\u00e0nh ph\u1ed1 H\u1ed3 Ch\u00ed Minh, Vi\u1ec7t Nam\"\n\t\t\t><\/iframe>\n\t\t<\/div>\n\t\t\t\t<\/div>\n\t\t\t\t<\/div>\n\t\t\t\t\t<\/div>\n\t\t<\/div>\n\t\t\t\t\t<\/div>\n\t\t<\/section>\n\t\t\t\t<\/div>","protected":false},"excerpt":{"rendered":"<p>PHONE +84 918 905 500 EMAIL info@bossstack.com.vn LOCATION Ho Chi Minh City, Vietnam Send Us Message BossStack proudly operates as a business specializing in the import and export of large-scale orders. We prioritize top-notch product standards and strive to provide the most competitive quantities in the market.<\/p>","protected":false},"author":4,"featured_media":0,"parent":0,"menu_order":0,"comment_status":"closed","ping_status":"closed","template":"page-full-width.php","meta":{"footnotes":""},"class_list":["post-6600","page","type-page","status-publish","hentry"],"_links":{"self":[{"href":"https:\/\/bossstack.com.vn\/vi\/wp-json\/wp\/v2\/pages\/6600","targetHints":{"allow":["GET"]}}],"collection":[{"href":"https:\/\/bossstack.com.vn\/vi\/wp-json\/wp\/v2\/pages"}],"about":[{"href":"https:\/\/bossstack.com.vn\/vi\/wp-json\/wp\/v2\/types\/page"}],"author":[{"embeddable":true,"href":"https:\/\/bossstack.com.vn\/vi\/wp-json\/wp\/v2\/users\/4"}],"replies":[{"embeddable":true,"href":"https:\/\/bossstack.com.vn\/vi\/wp-json\/wp\/v2\/comments?post=6600"}],"version-history":[{"count":136,"href":"https:\/\/bossstack.com.vn\/vi\/wp-json\/wp\/v2\/pages\/6600\/revisions"}],"predecessor-version":[{"id":12908,"href":"https:\/\/bossstack.com.vn\/vi\/wp-json\/wp\/v2\/pages\/6600\/revisions\/12908"}],"wp:attachment":[{"href":"https:\/\/bossstack.com.vn\/vi\/wp-json\/wp\/v2\/media?parent=6600"}],"curies":[{"name":"wp","href":"https:\/\/api.w.org\/{rel}","templated":true}]}}