{"id":12233,"date":"2023-11-15T16:18:22","date_gmt":"2023-11-15T09:18:22","guid":{"rendered":"http:\/\/bossislandfarm.vn\/?post_type=product&#038;p=12233"},"modified":"2024-01-22T10:37:01","modified_gmt":"2024-01-22T03:37:01","slug":"corn-cob","status":"publish","type":"product","link":"https:\/\/bossstack.com.vn\/vi\/san-pham\/corn-cob\/","title":{"rendered":"L\u00f5i ng\u00f4"},"content":{"rendered":"<p><strong>Th\u00f4ng s\u1ed1 k\u1ef9 thu\u1eadt ng\u00e0nh c\u1ed1t l\u00f5i<\/strong><\/p>\n<p>K\u00edch th\u01b0\u1edbc: 4 - 10cm<\/p>\n<p>\u0110\u1ea1m th\u00f4: 2.27<\/p>\n<p>Ch\u1ea5t b\u00e9o th\u00f4: &lt; 0.2<\/p>\n<p>Ch\u1ea5t x\u01a1 th\u00f4: 31.3<\/p>\n<p>\u0110\u1ed9 \u1ea9m: 11.07<\/p>\n<p>M\u00e0u s\u1eafc: T\u1ef1 nhi\u00ean (tr\u1eafng be, tr\u1eafng v\u00e0ng, \u0111\u1ecf)<\/p>\n<p><strong>C\u00e1c thu\u1ed9c t\u00ednh kh\u00e1c<\/strong><\/p>\n<p>Xu\u1ea5t x\u1ee9: Vi\u1ec7t Nam<\/p>\n<p>\u1ee8ng d\u1ee5ng: L\u00e0m nguy\u00ean li\u1ec7u th\u1ee9c \u0103n ch\u0103n nu\u00f4i<\/p>\n<p>Nguy\u00ean li\u1ec7u: Ng\u00f4 b\u1eafp<\/p>\n<p>\u0110\u00f3ng g\u00f3i: Bao Jumbo<\/p>\n<p>B\u1ea3o qu\u1ea3n: 12 th\u00e1ng<\/p>\n<p>C\u1ea3ng: T\u00e2n C\u1ea3ng - C\u00e1t L\u00e1i<\/p>\n<p>H\u00ecnh th\u1ee9c thanh to\u00e1n: L\/C, T\/T<\/p>","protected":false},"excerpt":{"rendered":"<p><span class=\"ui-provider ee bra bbe brb brc brd bre brf brg brh bri brj brk brl brm brn bro brp brq brr brs brt bru brv brw brx bry brz bsa bsb bsc bsd bse bsf bsg\" dir=\"ltr\">L\u00f5i ng\u00f4 (hay c\u00f9i b\u1eafp) v\u1ed1n l\u00e0 ph\u1ebf ph\u1ea9m, nay \u0111\u00e3 \u0111\u01b0\u1ee3c t\u00e1i ch\u1ebf \u0111\u1ec3 tr\u1edf th\u00e0nh ph\u00e2n b\u00f3n cho c\u00e2y tr\u1ed3ng v\u00e0 th\u1ee9c \u0103n cho gia s\u00fac, d\u01b0\u1ee1ng ch\u1ea5t gi\u00e0u protein trong l\u00f5i ng\u00f4 gi\u00fap n\u1ea5m ngon h\u01a1n,  thay th\u1ebf c\u00e1c lo\u1ea1i ph\u00e2n b\u00f3n ho\u00e1 h\u1ecdc, gi\u00fap c\u00e2y tr\u1ed3ng xanh t\u1ed1t h\u01a1n mang ngu\u1ed3n l\u1ee3i cho n\u00f4ng nghi\u1ec7p, gi\u1ea3m thi\u1ec3u r\u00e1c th\u1ea3i, v\u00e0 g\u00f3p ph\u1ea7n th\u00fac \u0111\u1ea9y n\u00f4ng nghi\u1ec7p h\u1eefu c\u01a1.<\/span><\/p>","protected":false},"featured_media":12234,"template":"","meta":[],"product_cat":[119,39],"product_tag":[112,111,51,38],"class_list":{"0":"post-12233","1":"product","2":"type-product","3":"status-publish","4":"has-post-thumbnail","6":"product_cat-agricultural-supplies-products","7":"product_cat-corn-products","8":"product_tag-agricutural","9":"product_tag-corn","10":"product_tag-fertilizer","11":"product_tag-food","13":"first","14":"instock","15":"shipping-taxable","16":"product-type-external"},"_links":{"self":[{"href":"https:\/\/bossstack.com.vn\/vi\/wp-json\/wp\/v2\/product\/12233","targetHints":{"allow":["GET"]}}],"collection":[{"href":"https:\/\/bossstack.com.vn\/vi\/wp-json\/wp\/v2\/product"}],"about":[{"href":"https:\/\/bossstack.com.vn\/vi\/wp-json\/wp\/v2\/types\/product"}],"wp:featuredmedia":[{"embeddable":true,"href":"https:\/\/bossstack.com.vn\/vi\/wp-json\/wp\/v2\/media\/12234"}],"wp:attachment":[{"href":"https:\/\/bossstack.com.vn\/vi\/wp-json\/wp\/v2\/media?parent=12233"}],"wp:term":[{"taxonomy":"product_cat","embeddable":true,"href":"https:\/\/bossstack.com.vn\/vi\/wp-json\/wp\/v2\/product_cat?post=12233"},{"taxonomy":"product_tag","embeddable":true,"href":"https:\/\/bossstack.com.vn\/vi\/wp-json\/wp\/v2\/product_tag?post=12233"}],"curies":[{"name":"wp","href":"https:\/\/api.w.org\/{rel}","templated":true}]}}