{"id":12265,"date":"2023-12-19T15:01:31","date_gmt":"2023-12-19T08:01:31","guid":{"rendered":"http:\/\/bosstack.com.vn\/?post_type=product&#038;p=12265"},"modified":"2024-01-22T10:36:41","modified_gmt":"2024-01-22T03:36:41","slug":"vietnam-fragrant-rice-dt8-0m1","status":"publish","type":"product","link":"https:\/\/bossstack.com.vn\/vi\/san-pham\/vietnam-fragrant-rice-dt8-0m1\/","title":{"rendered":"G\u1ea1o \u0110\u00e0i th\u01a1m - DT8\/0M18"},"content":{"rendered":"<p>- T\u1ea5m: t\u1ed1i \u0111a 5%<br \/>\n- \u0110\u1ed9 \u1ea9m: t\u1ed1i \u0111a 14,5%<br \/>\n- T\u1ea1p ch\u1ea5t: t\u1ed1i \u0111a 0,1%<br \/>\n- H\u1ea1t b\u1ecb h\u01b0 h\u1ecfng: t\u1ed1i \u0111a 0,5%<br \/>\n- H\u1ea1t v\u00e0ng: t\u1ed1i \u0111a 0,5%<br \/>\n- H\u1ea1t b\u1ea1c ph\u1ea5n: t\u1ed1i \u0111a 2%<br \/>\n- H\u1ea1t \u0111\u1ecf v\u00e0 h\u1ea1t s\u1ecdc \u0111\u1ecf: t\u1ed1i \u0111a 0,5%<br \/>\n- H\u1ea1t b\u1ea1c b\u1ee5ng: t\u1ed1i \u0111a 6%<br \/>\n- H\u1ea1t xanh non: t\u1ed1i \u0111a 0,5%<br \/>\n- H\u1ea1t th\u00f3c: t\u1ed1i \u0111a 5 h\u1ea1t\/kg<br \/>\n- Chi\u1ec1u d\u00e0i trung b\u00ecnh: 6,6 mm<br \/>\n- M\u1ee9c \u0111\u1ed9 xay x\u00e1t: xay x\u00e1t k\u1ef9, \u0111\u00e1nh b\u00f3ng hai l\u1ea7n<br \/>\n- \u0110\u1ed9 tinh khi\u1ebft: 90%<br \/>\n- G\u1ea1o n\u1ebfp: t\u1ed1i \u0111a 0,5%<br \/>\n- C\u00e1c ti\u00eau chu\u1ea9n kh\u00e1c d\u1ef1a tr\u00ean Ti\u00eau chu\u1ea9n xu\u1ea5t kh\u1ea9u g\u1ea1o Vi\u1ec7t Nam s\u1ed1 5644-1999<\/p>","protected":false},"excerpt":{"rendered":"<p>H\u1ea1t g\u1ea1o \u0110\u00e0i th\u01a1m DT8\/OM18 (5%) c\u00f3 b\u1ec1 m\u1eb7t \u0111\u1eb9p, trong su\u1ed1t, m\u00e0u s\u1eafc nh\u1ea1t, h\u1ea1t d\u00e0i. Khi n\u1ea5u ch\u00edn, g\u1ea1o tr\u1eafng tuy\u1ec7t v\u1eddi, m\u1ec1m m\u1ecbn v\u00e0 th\u01a1m ngon. L\u00e0 lo\u1ea1i g\u1ea1o ch\u1ea5t l\u01b0\u1ee3ng cao, \u0111\u00e1p \u1ee9ng ti\u00eau chu\u1ea9n xu\u1ea5t kh\u1ea9u.<\/p>","protected":false},"featured_media":12267,"template":"","meta":[],"product_cat":[123,47],"product_tag":[],"class_list":{"0":"post-12265","1":"product","2":"type-product","3":"status-publish","4":"has-post-thumbnail","6":"product_cat-farm-produce-products","7":"product_cat-rice-products","9":"first","10":"instock","11":"shipping-taxable","12":"product-type-external"},"_links":{"self":[{"href":"https:\/\/bossstack.com.vn\/vi\/wp-json\/wp\/v2\/product\/12265","targetHints":{"allow":["GET"]}}],"collection":[{"href":"https:\/\/bossstack.com.vn\/vi\/wp-json\/wp\/v2\/product"}],"about":[{"href":"https:\/\/bossstack.com.vn\/vi\/wp-json\/wp\/v2\/types\/product"}],"wp:featuredmedia":[{"embeddable":true,"href":"https:\/\/bossstack.com.vn\/vi\/wp-json\/wp\/v2\/media\/12267"}],"wp:attachment":[{"href":"https:\/\/bossstack.com.vn\/vi\/wp-json\/wp\/v2\/media?parent=12265"}],"wp:term":[{"taxonomy":"product_cat","embeddable":true,"href":"https:\/\/bossstack.com.vn\/vi\/wp-json\/wp\/v2\/product_cat?post=12265"},{"taxonomy":"product_tag","embeddable":true,"href":"https:\/\/bossstack.com.vn\/vi\/wp-json\/wp\/v2\/product_tag?post=12265"}],"curies":[{"name":"wp","href":"https:\/\/api.w.org\/{rel}","templated":true}]}}