{"id":12268,"date":"2023-12-19T15:05:55","date_gmt":"2023-12-19T08:05:55","guid":{"rendered":"http:\/\/bosstack.com.vn\/?post_type=product&#038;p=12268"},"modified":"2024-01-22T10:36:30","modified_gmt":"2024-01-22T03:36:30","slug":"st25-rice","status":"publish","type":"product","link":"https:\/\/bossstack.com.vn\/vi\/san-pham\/st25-rice\/","title":{"rendered":"G\u1ea1o ST25"},"content":{"rendered":"<p>- \u0110\u1ed9 tinh khi\u1ebft: t\u1ed1i \u0111a 85-90%<br \/>\n- \u0110\u1ed9 \u1ea9m: t\u1ed1i \u0111a 14,5%<br \/>\n- T\u1ea1p ch\u1ea5t: t\u1ed1i \u0111a 0,1%<br \/>\n- H\u1ea1t b\u1ea1c ph\u1ea5n: t\u1ed1i \u0111a 3%<br \/>\n- H\u1ea1t b\u1ecb h\u01b0 h\u1ecfng: t\u1ed1i \u0111a 5%<br \/>\n- H\u1ea1t xanh non: t\u1ed1i \u0111a 1%<br \/>\n- H\u1ea1t \u0111\u1ecf: t\u1ed1i \u0111a 0,3%<br \/>\n- H\u1ea1t v\u00e0ng: t\u1ed1i \u0111a 0,3%<br \/>\n- H\u1ea1t th\u00f3c: t\u1ed1i \u0111a 2 h\u1ea1t\/kg<br \/>\n- Chi\u1ec1u d\u00e0i trung b\u00ecnh: 6,8 mm<br \/>\n- M\u1ee9c \u0111\u1ed9 xay x\u00e1t: \u0111\u00e1nh b\u00f3ng hai l\u1ea7n v\u00e0 \u0111\u00e3 ph\u00e2n lo\u1ea1i.<br \/>\n- C\u00e1c ti\u00eau chu\u1ea9n kh\u00e1c d\u1ef1a tr\u00ean Ti\u00eau chu\u1ea9n xu\u1ea5t kh\u1ea9u g\u1ea1o Vi\u1ec7t Nam s\u1ed1 5644-1999<\/p>","protected":false},"excerpt":{"rendered":"<p>H\u1ea1t g\u1ea1o ST25 c\u00f3 h\u00ecnh d\u00e1ng d\u00e0i, m\u1ea3nh v\u00e0 \u0111\u1ec1u, c\u00f3 m\u00e0u s\u1eafc tr\u1eafng ng\u00e0 v\u00e0ng. Khi n\u1ea5u, g\u1ea1o c\u00f3 h\u01b0\u01a1ng th\u01a1m t\u1ef1 nhi\u00ean, v\u1ecb \u0111\u1eadm \u0111\u00e0, ng\u1ecdt, b\u00f9i v\u00e0 m\u1ec1m m\u1ecbn. G\u1ea1o ST25 l\u00e0 m\u1ed9t lo\u1ea1i g\u1ea1o kh\u00e1 \u0111\u1eaft \u0111\u1ecf, l\u1ef1a ch\u1ecdn xu\u1ea5t kh\u1ea9u h\u00e0ng \u0111\u1ea7u.<\/p>","protected":false},"featured_media":12269,"template":"","meta":[],"product_cat":[123,47],"product_tag":[],"class_list":{"0":"post-12268","1":"product","2":"type-product","3":"status-publish","4":"has-post-thumbnail","6":"product_cat-farm-produce-products","7":"product_cat-rice-products","9":"first","10":"instock","11":"shipping-taxable","12":"product-type-external"},"_links":{"self":[{"href":"https:\/\/bossstack.com.vn\/vi\/wp-json\/wp\/v2\/product\/12268","targetHints":{"allow":["GET"]}}],"collection":[{"href":"https:\/\/bossstack.com.vn\/vi\/wp-json\/wp\/v2\/product"}],"about":[{"href":"https:\/\/bossstack.com.vn\/vi\/wp-json\/wp\/v2\/types\/product"}],"wp:featuredmedia":[{"embeddable":true,"href":"https:\/\/bossstack.com.vn\/vi\/wp-json\/wp\/v2\/media\/12269"}],"wp:attachment":[{"href":"https:\/\/bossstack.com.vn\/vi\/wp-json\/wp\/v2\/media?parent=12268"}],"wp:term":[{"taxonomy":"product_cat","embeddable":true,"href":"https:\/\/bossstack.com.vn\/vi\/wp-json\/wp\/v2\/product_cat?post=12268"},{"taxonomy":"product_tag","embeddable":true,"href":"https:\/\/bossstack.com.vn\/vi\/wp-json\/wp\/v2\/product_tag?post=12268"}],"curies":[{"name":"wp","href":"https:\/\/api.w.org\/{rel}","templated":true}]}}