{"id":12270,"date":"2023-12-19T15:09:36","date_gmt":"2023-12-19T08:09:36","guid":{"rendered":"http:\/\/bosstack.com.vn\/?post_type=product&#038;p=12270"},"modified":"2024-01-22T10:36:15","modified_gmt":"2024-01-22T03:36:15","slug":"vietnam-white-rice-ir504","status":"publish","type":"product","link":"https:\/\/bossstack.com.vn\/vi\/san-pham\/vietnam-white-rice-ir504\/","title":{"rendered":"G\u1ea1o tr\u1eafng Vi\u1ec7t Nam \u2013 IR504"},"content":{"rendered":"<p>- T\u1ea5m: t\u1ed1i \u0111a 5%<br \/>\n- \u0110\u1ed9 \u1ea9m: t\u1ed1i \u0111a 14,5%<br \/>\n- T\u1ea1p ch\u1ea5t: t\u1ed1i \u0111a 0,1%<br \/>\n- H\u1ea1t b\u1ecb h\u01b0 h\u1ecfng: t\u1ed1i \u0111a 0,5%<br \/>\n- H\u1ea1t v\u00e0ng: t\u1ed1i \u0111a 0,5%<br \/>\n- H\u1ea1t b\u1ea1c ph\u1ea5n: t\u1ed1i \u0111a 2%<br \/>\n- H\u1ea1t \u0111\u1ecf v\u00e0 h\u1ea1t s\u1ecdc \u0111\u1ecf: t\u1ed1i \u0111a 0,5%<br \/>\n- H\u1ea1t b\u1ea1c b\u1ee5ng: t\u1ed1i \u0111a 12%<br \/>\n- H\u1ea1t xanh non: t\u1ed1i \u0111a 0,5%<br \/>\n- H\u1ea1t th\u00f3c: t\u1ed1i \u0111a 5 h\u1ea1t\/kg<br \/>\n- Chi\u1ec1u d\u00e0i trung b\u00ecnh: 6,2 mm<br \/>\n- M\u1ee9c \u0111\u1ed9 xay x\u00e1t: xay x\u00e1t k\u1ef9, \u0111\u00e1nh b\u00f3ng hai l\u1ea7n<br \/>\n- \u0110\u1ed9 tinh khi\u1ebft: 90%<br \/>\n- G\u1ea1o n\u1ebfp: t\u1ed1i \u0111a 0,5%<br \/>\n- C\u00e1c ti\u00eau chu\u1ea9n kh\u00e1c d\u1ef1a tr\u00ean Ti\u00eau chu\u1ea9n xu\u1ea5t kh\u1ea9u g\u1ea1o Vi\u1ec7t Nam s\u1ed1 5644-1999<\/p>","protected":false},"excerpt":{"rendered":"<p>G\u1ea1o tr\u1eafng 504 \u0111\u01b0\u1ee3c t\u1ea1o ra t\u1eeb gi\u1ed1ng l\u00faa IR50404 (ho\u1eb7c IR504) c\u1ee7a Vi\u1ec7n l\u00faa g\u1ea1o qu\u1ed1c t\u1ebf IRRI. \u0110i\u1ec3m n\u1ed5i b\u1eadt c\u1ee7a lo\u1ea1i n\u00e0y l\u00e0 hi\u1ec7u qu\u1ea3 cao, t\u00ednh linh ho\u1ea1t cao \u0111\u1ed1i v\u1edbi nhi\u1ec1u v\u00f9ng l\u00e3nh th\u1ed5 canh t\u00e1c, \u0111\u1eb7c bi\u1ec7t l\u00e0 th\u1eddi v\u1ee5 thu ho\u1ea1ch ng\u1eafn h\u1ea1n.<\/p>","protected":false},"featured_media":12271,"template":"","meta":[],"product_cat":[123,47],"product_tag":[],"class_list":{"0":"post-12270","1":"product","2":"type-product","3":"status-publish","4":"has-post-thumbnail","6":"product_cat-farm-produce-products","7":"product_cat-rice-products","9":"first","10":"instock","11":"shipping-taxable","12":"product-type-external"},"_links":{"self":[{"href":"https:\/\/bossstack.com.vn\/vi\/wp-json\/wp\/v2\/product\/12270","targetHints":{"allow":["GET"]}}],"collection":[{"href":"https:\/\/bossstack.com.vn\/vi\/wp-json\/wp\/v2\/product"}],"about":[{"href":"https:\/\/bossstack.com.vn\/vi\/wp-json\/wp\/v2\/types\/product"}],"wp:featuredmedia":[{"embeddable":true,"href":"https:\/\/bossstack.com.vn\/vi\/wp-json\/wp\/v2\/media\/12271"}],"wp:attachment":[{"href":"https:\/\/bossstack.com.vn\/vi\/wp-json\/wp\/v2\/media?parent=12270"}],"wp:term":[{"taxonomy":"product_cat","embeddable":true,"href":"https:\/\/bossstack.com.vn\/vi\/wp-json\/wp\/v2\/product_cat?post=12270"},{"taxonomy":"product_tag","embeddable":true,"href":"https:\/\/bossstack.com.vn\/vi\/wp-json\/wp\/v2\/product_tag?post=12270"}],"curies":[{"name":"wp","href":"https:\/\/api.w.org\/{rel}","templated":true}]}}