{"id":12599,"date":"2023-12-22T14:04:16","date_gmt":"2023-12-22T07:04:16","guid":{"rendered":"http:\/\/bossstack.com.vn\/?post_type=product&#038;p=12599"},"modified":"2024-01-03T10:36:49","modified_gmt":"2024-01-03T03:36:49","slug":"tubless-toilet-paper","status":"publish","type":"product","link":"https:\/\/bossstack.com.vn\/vi\/san-pham\/tubless-toilet-paper\/","title":{"rendered":"Gi\u1ea5y v\u1ec7 sinh kh\u00f4ng l\u00f5i"},"content":{"rendered":"<table style=\"border-collapse: collapse; width: 592px; height: 306px;\" width=\"507\">\n<tbody>\n<tr style=\"height: 15.75pt;\">\n<td class=\"xl28\" style=\"width: 139pt; height: 15.75pt;\" width=\"185\" height=\"21\">Th\u00e0nh ph\u1ea7n:<\/td>\n<td class=\"xl86\" style=\"width: 242pt;\" width=\"322\">100% b\u1ed9t gi\u1ea5y nguy\u00ean sinh<\/td>\n<\/tr>\n<tr style=\"height: 16.5pt;\">\n<td class=\"xl28\" style=\"width: 139pt; height: 16.5pt;\" width=\"185\" height=\"22\">Ph\u00e2n lo\u1ea1i:<\/td>\n<td class=\"xl86\" style=\"width: 242pt;\" width=\"322\">Kh\u00f4ng l\u00f5i<\/td>\n<\/tr>\n<tr style=\"height: 16.5pt;\">\n<td class=\"xl28\" style=\"width: 139pt; height: 16.5pt;\" width=\"185\" height=\"22\">L\u1edbp:<\/td>\n<td class=\"xl86\" style=\"width: 242pt;\" width=\"322\">3 l\u1edbp<\/td>\n<\/tr>\n<tr style=\"height: 16.5pt;\">\n<td class=\"xl28\" style=\"width: 139pt; height: 16.5pt;\" width=\"185\" height=\"22\">H\u1ecda ti\u1ebft:<\/td>\n<td class=\"xl86\" style=\"width: 242pt;\" width=\"322\">L\u00e1 phong<\/td>\n<\/tr>\n<tr style=\"height: 16.5pt;\">\n<td class=\"xl28\" style=\"width: 139pt; height: 16.5pt;\" width=\"185\" height=\"22\">Quy c\u00e1ch \u0111\u00f3ng g\u00f3i:<\/td>\n<td class=\"xl86\" style=\"width: 242pt;\" width=\"322\">L\u1ed1c 6 cu\u1ed9n, l\u1ed1c 15 cu\u1ed9n, l\u1ed1c 32 cu\u1ed9n<\/td>\n<\/tr>\n<tr style=\"height: 16.5pt;\">\n<td class=\"xl28\" style=\"width: 139pt; height: 16.5pt;\" width=\"185\" height=\"22\">H\u1ea1n s\u1eed d\u1ee5ng:<\/td>\n<td class=\"xl86\" style=\"width: 242pt;\" width=\"322\">3 n\u0103m k\u1ec3 t\u1eeb ng\u00e0y s\u1ea3n xu\u1ea5t<\/td>\n<\/tr>\n<tr style=\"height: 32.25pt;\">\n<td class=\"xl28\" style=\"width: 139pt; height: 32.25pt;\" width=\"185\" height=\"43\">B\u1ea3o qu\u1ea3n:<\/td>\n<td class=\"xl86\" style=\"width: 242pt;\" width=\"322\">B\u1ea3o qu\u1ea3n n\u01a1i kh\u00f4 r\u00e1o, tho\u00e1ng m\u00e1t, tr\u00e1nh \u1ea9m m\u1ed1c v\u00e0 n\u01a1i d\u1ec5 b\u1eaft l\u1eeda.<\/td>\n<\/tr>\n<tr style=\"height: 16.5pt;\">\n<td class=\"xl28\" style=\"width: 139pt; height: 16.5pt;\" width=\"185\" height=\"22\">Xu\u1ea5t x\u1ee9:<\/td>\n<td class=\"xl86\" style=\"width: 242pt;\" width=\"322\">Vi\u1ec7t Nam<\/td>\n<\/tr>\n<tr style=\"height: 16.5pt;\">\n<td class=\"xl28\" style=\"width: 139pt; height: 16.5pt;\" width=\"185\" height=\"22\">C\u1ea3ng:<\/td>\n<td class=\"xl86\" style=\"width: 242pt;\" width=\"322\">T\u00e2n C\u1ea3ng - C\u00e1t L\u00e1i<\/td>\n<\/tr>\n<tr style=\"height: 16.5pt;\">\n<td class=\"xl35\" style=\"width: 139pt; height: 16.5pt;\" width=\"185\" height=\"22\">H\u00ecnh th\u1ee9c thanh to\u00e1n:<\/td>\n<td class=\"xl258\" style=\"width: 242pt;\" width=\"322\">L\/C, T\/T<\/td>\n<\/tr>\n<\/tbody>\n<\/table>","protected":false},"excerpt":{"rendered":"<div class=\"ewa-rteLine\"><strong><em>Gi\u1ea5y v\u1ec7 sinh m\u1ec1m m\u1ecbn, d\u1ebbo dai, \u0111\u1ea1t ti\u00eau chu\u1ea9n mang l\u1ea1i nhi\u1ec1u c\u00f4ng d\u1ee5ng kh\u00e1c nhau.<\/em><\/strong><\/div>","protected":false},"featured_media":12600,"template":"","meta":[],"product_cat":[54],"product_tag":[114,115],"class_list":{"0":"post-12599","1":"product","2":"type-product","3":"status-publish","4":"has-post-thumbnail","6":"product_cat-toilet-paper-products","7":"product_tag-paper","8":"product_tag-toilet-paper","10":"first","11":"instock","12":"shipping-taxable","13":"product-type-external"},"_links":{"self":[{"href":"https:\/\/bossstack.com.vn\/vi\/wp-json\/wp\/v2\/product\/12599","targetHints":{"allow":["GET"]}}],"collection":[{"href":"https:\/\/bossstack.com.vn\/vi\/wp-json\/wp\/v2\/product"}],"about":[{"href":"https:\/\/bossstack.com.vn\/vi\/wp-json\/wp\/v2\/types\/product"}],"wp:featuredmedia":[{"embeddable":true,"href":"https:\/\/bossstack.com.vn\/vi\/wp-json\/wp\/v2\/media\/12600"}],"wp:attachment":[{"href":"https:\/\/bossstack.com.vn\/vi\/wp-json\/wp\/v2\/media?parent=12599"}],"wp:term":[{"taxonomy":"product_cat","embeddable":true,"href":"https:\/\/bossstack.com.vn\/vi\/wp-json\/wp\/v2\/product_cat?post=12599"},{"taxonomy":"product_tag","embeddable":true,"href":"https:\/\/bossstack.com.vn\/vi\/wp-json\/wp\/v2\/product_tag?post=12599"}],"curies":[{"name":"wp","href":"https:\/\/api.w.org\/{rel}","templated":true}]}}