{"id":12823,"date":"2024-01-03T11:24:59","date_gmt":"2024-01-03T04:24:59","guid":{"rendered":"http:\/\/bossstack.com.vn\/?post_type=product&#038;p=12823"},"modified":"2024-01-22T10:35:33","modified_gmt":"2024-01-22T03:35:33","slug":"soc-small-paddy-grain","status":"publish","type":"product","link":"https:\/\/bossstack.com.vn\/vi\/san-pham\/soc-small-paddy-grain\/","title":{"rendered":"L\u00faa S\u00f3c h\u1ea1t nh\u1ecf"},"content":{"rendered":"<table style=\"border-collapse: collapse;width: 525px;height: 287px\" width=\"339\">\n<tbody>\n<tr style=\"height: 16.5pt\">\n<td class=\"xl24\" style=\"width: 254pt;height: 16.5pt\" width=\"339\" height=\"22\">\u0110\u1ed9 \u1ea9m: b\u00ecnh qu\u00e2n 22-29%<\/td>\n<\/tr>\n<tr style=\"height: 16.5pt\">\n<td class=\"xl28\" style=\"width: 254pt;height: 16.5pt\" width=\"339\" height=\"22\">T\u1ea1p ch\u1ea5t, l\u00e9p l\u1eefng, ch\u1ebdn: t\u1ed1i \u0111a 3,0%<\/td>\n<\/tr>\n<tr style=\"height: 16.5pt\">\n<td class=\"xl28\" style=\"width: 254pt;height: 16.5pt\" width=\"339\" height=\"22\">H\u1ea1t xanh non: t\u1ed1i \u0111a 5,0%<\/td>\n<\/tr>\n<tr style=\"height: 16.5pt\">\n<td class=\"xl28\" style=\"width: 254pt;height: 16.5pt\" width=\"339\" height=\"22\">H\u1ea1t h\u01b0: t\u1ed1i \u0111a 2,0%<\/td>\n<\/tr>\n<tr style=\"height: 16.5pt\">\n<td class=\"xl28\" style=\"width: 254pt;height: 16.5pt\" width=\"339\" height=\"22\">B\u1ea1c b\u1ee5ng: t\u1ed1i \u0111a 3,0%<\/td>\n<\/tr>\n<tr style=\"height: 16.5pt\">\n<td class=\"xl28\" style=\"width: 254pt;height: 16.5pt\" width=\"339\" height=\"22\">H\u1ea1t gi\u1ed1ng kh\u00e1c (L\u00faa l\u1eabn): t\u1ed1i \u0111a 10,0%<\/td>\n<\/tr>\n<tr style=\"height: 16.5pt\">\n<td class=\"xl28\" style=\"width: 254pt;height: 16.5pt\" width=\"339\" height=\"22\">H\u1ea1t n\u1ee9t, g\u00e3y: Kh\u00f4ng c\u00f3<\/td>\n<\/tr>\n<tr style=\"height: 18.75pt\">\n<td class=\"xl28\" style=\"width: 254pt;height: 18.75pt\" width=\"339\" height=\"25\">H\u1ea1t v\u00e0ng: Kh\u00f4ng c\u00f3<\/td>\n<\/tr>\n<tr style=\"height: 16.5pt\">\n<td class=\"xl28\" style=\"width: 254pt;height: 16.5pt\" width=\"339\" height=\"22\">H\u1ea1t l\u00ean m\u1ecdng: Kh\u00f4ng c\u00f3<\/td>\n<\/tr>\n<tr style=\"height: 16.5pt\">\n<td class=\"xl28\" style=\"width: 254pt;height: 16.5pt\" width=\"339\" height=\"22\">M\u00f9i chua, \u1ea9m m\u1ed1c: Kh\u00f4ng c\u00f3<\/td>\n<\/tr>\n<\/tbody>\n<\/table>","protected":false},"excerpt":{"rendered":"<p><strong><em> H\u1ea1t l\u00faa s\u00f3c nh\u1ecf, tr\u00f2n c\u00f3 m\u00e0u v\u00e0ng \u0111\u1eb9p th\u01b0\u1eddng d\u00f9ng trong ch\u0103n nu\u00f4i.<\/em><\/strong><\/p>","protected":false},"featured_media":12824,"template":"","meta":[],"product_cat":[123,113],"product_tag":[],"class_list":{"0":"post-12823","1":"product","2":"type-product","3":"status-publish","4":"has-post-thumbnail","6":"product_cat-farm-produce-products","7":"product_cat-paddy-products","9":"first","10":"instock","11":"shipping-taxable","12":"product-type-external"},"_links":{"self":[{"href":"https:\/\/bossstack.com.vn\/vi\/wp-json\/wp\/v2\/product\/12823","targetHints":{"allow":["GET"]}}],"collection":[{"href":"https:\/\/bossstack.com.vn\/vi\/wp-json\/wp\/v2\/product"}],"about":[{"href":"https:\/\/bossstack.com.vn\/vi\/wp-json\/wp\/v2\/types\/product"}],"wp:featuredmedia":[{"embeddable":true,"href":"https:\/\/bossstack.com.vn\/vi\/wp-json\/wp\/v2\/media\/12824"}],"wp:attachment":[{"href":"https:\/\/bossstack.com.vn\/vi\/wp-json\/wp\/v2\/media?parent=12823"}],"wp:term":[{"taxonomy":"product_cat","embeddable":true,"href":"https:\/\/bossstack.com.vn\/vi\/wp-json\/wp\/v2\/product_cat?post=12823"},{"taxonomy":"product_tag","embeddable":true,"href":"https:\/\/bossstack.com.vn\/vi\/wp-json\/wp\/v2\/product_tag?post=12823"}],"curies":[{"name":"wp","href":"https:\/\/api.w.org\/{rel}","templated":true}]}}