{"id":12959,"date":"2024-01-22T14:38:49","date_gmt":"2024-01-22T07:38:49","guid":{"rendered":"https:\/\/bossstack.com.vn\/?post_type=product&#038;p=12959"},"modified":"2024-01-22T15:20:41","modified_gmt":"2024-01-22T08:20:41","slug":"office-plants","status":"publish","type":"product","link":"https:\/\/bossstack.com.vn\/vi\/san-pham\/office-plants\/","title":{"rendered":"C\u00e2y xanh v\u0103n ph\u00f2ng"},"content":{"rendered":"","protected":false},"excerpt":{"rendered":"<p>Cung c\u1ea5p \u0111a d\u1ea1ng c\u00e1c m\u1eb7t h\u00e0ng c\u00e2y xanh trang tr\u00ed, l\u00e0m tho\u00e1ng m\u00e1t kh\u00f4ng gian v\u0103n ph\u00f2ng, nh\u00e0 h\u00e0ng, kh\u00e1ch s\u1ea1n,...<\/p>","protected":false},"featured_media":12960,"template":"","meta":[],"product_cat":[124],"product_tag":[],"class_list":{"0":"post-12959","1":"product","2":"type-product","3":"status-publish","4":"has-post-thumbnail","6":"product_cat-greenery-products","8":"first","9":"instock","10":"shipping-taxable","11":"product-type-external"},"_links":{"self":[{"href":"https:\/\/bossstack.com.vn\/vi\/wp-json\/wp\/v2\/product\/12959","targetHints":{"allow":["GET"]}}],"collection":[{"href":"https:\/\/bossstack.com.vn\/vi\/wp-json\/wp\/v2\/product"}],"about":[{"href":"https:\/\/bossstack.com.vn\/vi\/wp-json\/wp\/v2\/types\/product"}],"wp:featuredmedia":[{"embeddable":true,"href":"https:\/\/bossstack.com.vn\/vi\/wp-json\/wp\/v2\/media\/12960"}],"wp:attachment":[{"href":"https:\/\/bossstack.com.vn\/vi\/wp-json\/wp\/v2\/media?parent=12959"}],"wp:term":[{"taxonomy":"product_cat","embeddable":true,"href":"https:\/\/bossstack.com.vn\/vi\/wp-json\/wp\/v2\/product_cat?post=12959"},{"taxonomy":"product_tag","embeddable":true,"href":"https:\/\/bossstack.com.vn\/vi\/wp-json\/wp\/v2\/product_tag?post=12959"}],"curies":[{"name":"wp","href":"https:\/\/api.w.org\/{rel}","templated":true}]}}