{"id":12963,"date":"2024-01-22T14:43:05","date_gmt":"2024-01-22T07:43:05","guid":{"rendered":"https:\/\/bossstack.com.vn\/?post_type=product&#038;p=12963"},"modified":"2024-01-22T15:22:19","modified_gmt":"2024-01-22T08:22:19","slug":"timber-piles","status":"publish","type":"product","link":"https:\/\/bossstack.com.vn\/vi\/san-pham\/timber-piles\/","title":{"rendered":"C\u1eeb tr\u00e0m"},"content":{"rendered":"","protected":false},"excerpt":{"rendered":"<p>C\u1eeb tr\u00e0m \u0111\u1ea3m b\u1ea3o c\u00e1c ti\u00eau chu\u1ea9n ch\u1ea5t l\u01b0\u1ee3ng: th\u00e2n c\u00e2y th\u1eb3ng, kh\u00f4ng qu\u00e1 cong v\u00eanh, c\u00e2y c\u00f2n t\u01b0\u01a1i.<\/p>\n<p>Cung c\u1ea5p nhi\u1ec1u k\u00edch th\u01b0\u1edbc kh\u00e1c nhau \u0111\u1ec3 \u0111\u1ea3m b\u1ea3o v\u1ec1 m\u1eb7t k\u1ef9 thu\u1eadt.<\/p>","protected":false},"featured_media":12964,"template":"","meta":[],"product_cat":[124],"product_tag":[],"class_list":{"0":"post-12963","1":"product","2":"type-product","3":"status-publish","4":"has-post-thumbnail","6":"product_cat-greenery-products","8":"first","9":"instock","10":"shipping-taxable","11":"product-type-external"},"_links":{"self":[{"href":"https:\/\/bossstack.com.vn\/vi\/wp-json\/wp\/v2\/product\/12963","targetHints":{"allow":["GET"]}}],"collection":[{"href":"https:\/\/bossstack.com.vn\/vi\/wp-json\/wp\/v2\/product"}],"about":[{"href":"https:\/\/bossstack.com.vn\/vi\/wp-json\/wp\/v2\/types\/product"}],"wp:featuredmedia":[{"embeddable":true,"href":"https:\/\/bossstack.com.vn\/vi\/wp-json\/wp\/v2\/media\/12964"}],"wp:attachment":[{"href":"https:\/\/bossstack.com.vn\/vi\/wp-json\/wp\/v2\/media?parent=12963"}],"wp:term":[{"taxonomy":"product_cat","embeddable":true,"href":"https:\/\/bossstack.com.vn\/vi\/wp-json\/wp\/v2\/product_cat?post=12963"},{"taxonomy":"product_tag","embeddable":true,"href":"https:\/\/bossstack.com.vn\/vi\/wp-json\/wp\/v2\/product_tag?post=12963"}],"curies":[{"name":"wp","href":"https:\/\/api.w.org\/{rel}","templated":true}]}}