{"id":12965,"date":"2024-01-22T14:45:03","date_gmt":"2024-01-22T07:45:03","guid":{"rendered":"https:\/\/bossstack.com.vn\/?post_type=product&#038;p=12965"},"modified":"2024-01-22T15:23:14","modified_gmt":"2024-01-22T08:23:14","slug":"white-meranti","status":"publish","type":"product","link":"https:\/\/bossstack.com.vn\/vi\/san-pham\/white-meranti\/","title":{"rendered":"C\u1eeb b\u1ea1ch \u0111\u00e0n"},"content":{"rendered":"","protected":false},"excerpt":{"rendered":"<p>C\u1eeb b\u1ea1ch \u0111\u00e0n th\u00e2n c\u00e2y th\u1eb3ng, c\u1ee9ng, ch\u1ecbu l\u1ef1c t\u1ed1t,\nCung c\u1ea5p nhi\u1ec1u k\u00edch th\u01b0\u1edbc kh\u00e1c nhau \u0111\u1ec3 \u0111\u1ea3m b\u1ea3o v\u1ec1 m\u1eb7t k\u1ef9 thu\u1eadt.<\/p>","protected":false},"featured_media":12966,"template":"","meta":[],"product_cat":[124],"product_tag":[],"class_list":{"0":"post-12965","1":"product","2":"type-product","3":"status-publish","4":"has-post-thumbnail","6":"product_cat-greenery-products","8":"first","9":"instock","10":"shipping-taxable","11":"product-type-external"},"_links":{"self":[{"href":"https:\/\/bossstack.com.vn\/vi\/wp-json\/wp\/v2\/product\/12965","targetHints":{"allow":["GET"]}}],"collection":[{"href":"https:\/\/bossstack.com.vn\/vi\/wp-json\/wp\/v2\/product"}],"about":[{"href":"https:\/\/bossstack.com.vn\/vi\/wp-json\/wp\/v2\/types\/product"}],"wp:featuredmedia":[{"embeddable":true,"href":"https:\/\/bossstack.com.vn\/vi\/wp-json\/wp\/v2\/media\/12966"}],"wp:attachment":[{"href":"https:\/\/bossstack.com.vn\/vi\/wp-json\/wp\/v2\/media?parent=12965"}],"wp:term":[{"taxonomy":"product_cat","embeddable":true,"href":"https:\/\/bossstack.com.vn\/vi\/wp-json\/wp\/v2\/product_cat?post=12965"},{"taxonomy":"product_tag","embeddable":true,"href":"https:\/\/bossstack.com.vn\/vi\/wp-json\/wp\/v2\/product_tag?post=12965"}],"curies":[{"name":"wp","href":"https:\/\/api.w.org\/{rel}","templated":true}]}}