{"id":12977,"date":"2024-01-22T15:08:13","date_gmt":"2024-01-22T08:08:13","guid":{"rendered":"https:\/\/bossstack.com.vn\/?post_type=product&#038;p=12977"},"modified":"2024-01-22T15:25:18","modified_gmt":"2024-01-22T08:25:18","slug":"pepper","status":"publish","type":"product","link":"https:\/\/bossstack.com.vn\/vi\/san-pham\/pepper\/","title":{"rendered":"Ti\u00eau"},"content":{"rendered":"","protected":false},"excerpt":{"rendered":"<p>Ti\u00eau kh\u00f4ng t\u1ea1p ch\u1ea5t, h\u1ea1t kh\u00f4 ch\u1eafc, kh\u00f4ng v\u1ee5n d\u0103m \u0111\u01b0\u1ee3c ch\u1ecdn l\u1ef1a k\u1ef9 c\u00e0ng. Ti\u00eau c\u00f3 m\u00f9i cay n\u1ed3ng.<\/p>","protected":false},"featured_media":12978,"template":"","meta":[],"product_cat":[123],"product_tag":[],"class_list":{"0":"post-12977","1":"product","2":"type-product","3":"status-publish","4":"has-post-thumbnail","6":"product_cat-farm-produce-products","8":"first","9":"instock","10":"shipping-taxable","11":"product-type-external"},"_links":{"self":[{"href":"https:\/\/bossstack.com.vn\/vi\/wp-json\/wp\/v2\/product\/12977","targetHints":{"allow":["GET"]}}],"collection":[{"href":"https:\/\/bossstack.com.vn\/vi\/wp-json\/wp\/v2\/product"}],"about":[{"href":"https:\/\/bossstack.com.vn\/vi\/wp-json\/wp\/v2\/types\/product"}],"wp:featuredmedia":[{"embeddable":true,"href":"https:\/\/bossstack.com.vn\/vi\/wp-json\/wp\/v2\/media\/12978"}],"wp:attachment":[{"href":"https:\/\/bossstack.com.vn\/vi\/wp-json\/wp\/v2\/media?parent=12977"}],"wp:term":[{"taxonomy":"product_cat","embeddable":true,"href":"https:\/\/bossstack.com.vn\/vi\/wp-json\/wp\/v2\/product_cat?post=12977"},{"taxonomy":"product_tag","embeddable":true,"href":"https:\/\/bossstack.com.vn\/vi\/wp-json\/wp\/v2\/product_tag?post=12977"}],"curies":[{"name":"wp","href":"https:\/\/api.w.org\/{rel}","templated":true}]}}