{"id":12988,"date":"2024-01-22T16:00:54","date_gmt":"2024-01-22T09:00:54","guid":{"rendered":"https:\/\/bossstack.com.vn\/?post_type=product&#038;p=12988"},"modified":"2024-01-22T16:00:57","modified_gmt":"2024-01-22T09:00:57","slug":"coconut-fiber","status":"publish","type":"product","link":"https:\/\/bossstack.com.vn\/vi\/san-pham\/coconut-fiber\/","title":{"rendered":"X\u01a1 d\u1eeba"},"content":{"rendered":"","protected":false},"excerpt":{"rendered":"<div class=\"flex-1 overflow-hidden\">\n<div class=\"react-scroll-to-bottom--css-vlxxg-79elbk h-full\">\n<div class=\"react-scroll-to-bottom--css-vlxxg-1n7m0yu\">\n<div class=\"flex flex-col pb-9 text-sm\">\n<div class=\"w-full text-token-text-primary\" data-testid=\"conversation-turn-21\">\n<div class=\"px-4 py-2 justify-center text-base md:gap-6 m-auto\">\n<div class=\"flex flex-1 text-base mx-auto gap-3 md:px-5 lg:px-1 xl:px-5 md:max-w-3xl lg:max-w-[40rem] xl:max-w-[48rem] group final-completion\">\n<div class=\"relative flex w-full flex-col lg:w-[calc(100%-115px)] agent-turn\">\n<div class=\"flex-col gap-1 md:gap-3\">\n<div class=\"flex flex-grow flex-col max-w-full\">\n<div class=\"min-h-[20px] text-message flex flex-col items-start gap-3 whitespace-pre-wrap break-words [.text-message+&amp;]:mt-5 overflow-x-auto\" data-message-author-role=\"assistant\" data-message-id=\"7dc8ced9-7349-4b81-a6dc-9e7a19a9f75d\">\n<div class=\"markdown prose w-full break-words dark:prose-invert light\">\n<p>X\u01a1 d\u1eeba nguy\u00ean ch\u1ea5t, \u0111\u00e3 tr\u1ea3i qua qu\u00e1 tr\u00ecnh x\u1eed l\u00fd c\u00e1c t\u00e1c nh\u00e2n m\u1ea7m b\u1ec7nh g\u00e2y h\u1ea1i. X\u01a1 d\u1eeba c\u00f3 t\u00ednh x\u1ed1p, tho\u00e1ng kh\u00ed t\u1ed1t, kh\u1ea3 n\u0103ng h\u00fat v\u00e0 gi\u1eef n\u01b0\u1edbc cao.<\/p>\n<\/div>\n<\/div>\n<\/div>\n<\/div>\n<\/div>\n<\/div>\n<\/div>\n<\/div>\n<\/div>\n<\/div>\n<\/div>\n<\/div>","protected":false},"featured_media":12989,"template":"","meta":[],"product_cat":[119],"product_tag":[],"class_list":{"0":"post-12988","1":"product","2":"type-product","3":"status-publish","4":"has-post-thumbnail","6":"product_cat-agricultural-supplies-products","8":"first","9":"instock","10":"shipping-taxable","11":"product-type-external"},"_links":{"self":[{"href":"https:\/\/bossstack.com.vn\/vi\/wp-json\/wp\/v2\/product\/12988","targetHints":{"allow":["GET"]}}],"collection":[{"href":"https:\/\/bossstack.com.vn\/vi\/wp-json\/wp\/v2\/product"}],"about":[{"href":"https:\/\/bossstack.com.vn\/vi\/wp-json\/wp\/v2\/types\/product"}],"wp:featuredmedia":[{"embeddable":true,"href":"https:\/\/bossstack.com.vn\/vi\/wp-json\/wp\/v2\/media\/12989"}],"wp:attachment":[{"href":"https:\/\/bossstack.com.vn\/vi\/wp-json\/wp\/v2\/media?parent=12988"}],"wp:term":[{"taxonomy":"product_cat","embeddable":true,"href":"https:\/\/bossstack.com.vn\/vi\/wp-json\/wp\/v2\/product_cat?post=12988"},{"taxonomy":"product_tag","embeddable":true,"href":"https:\/\/bossstack.com.vn\/vi\/wp-json\/wp\/v2\/product_tag?post=12988"}],"curies":[{"name":"wp","href":"https:\/\/api.w.org\/{rel}","templated":true}]}}