{"id":13023,"date":"2024-03-16T10:11:18","date_gmt":"2024-03-16T03:11:18","guid":{"rendered":"https:\/\/bossstack.com.vn\/?post_type=product&#038;p=13023"},"modified":"2024-03-16T10:11:18","modified_gmt":"2024-03-16T03:11:18","slug":"soybean","status":"publish","type":"product","link":"https:\/\/bossstack.com.vn\/vi\/san-pham\/soybean\/","title":{"rendered":"\u0110\u1eadu n\u00e0nh"},"content":{"rendered":"","protected":false},"excerpt":{"rendered":"<p>Ch\u1ee9a \u0111\u1ea7y protein v\u00e0 d\u01b0\u1ee1ng ch\u1ea5t c\u1ea7n thi\u1ebft, \u0111\u1eadu n\u00e0nh l\u00e0 s\u1ef1 b\u1ed5 sung gi\u00e0u dinh d\u01b0\u1ee1ng v\u00e0 linh ho\u1ea1t cho b\u1ea5t k\u1ef3 ch\u1ebf \u0111\u1ed9 \u0103n n\u00e0o. \u0110\u1eadu n\u00e0nh \u0111\u01b0\u1ee3c tr\u1ed3ng v\u00e0 thu ho\u1ea1ch v\u00e0o th\u1eddi \u0111i\u1ec3m ch\u00edn mu\u1ed3i nh\u1ea5t, \u0111em l\u1ea1i h\u01b0\u01a1ng v\u1ecb b\u00f9i, b\u00e9o v\u00e0 k\u1ebft c\u1ea5u m\u1ecbn m\u00e0ng.<\/p>","protected":false},"featured_media":13024,"template":"","meta":[],"product_cat":[123,122],"product_tag":[],"class_list":{"0":"post-13023","1":"product","2":"type-product","3":"status-publish","4":"has-post-thumbnail","6":"product_cat-farm-produce-products","7":"product_cat-food-products","9":"first","10":"instock","11":"shipping-taxable","12":"product-type-external"},"_links":{"self":[{"href":"https:\/\/bossstack.com.vn\/vi\/wp-json\/wp\/v2\/product\/13023","targetHints":{"allow":["GET"]}}],"collection":[{"href":"https:\/\/bossstack.com.vn\/vi\/wp-json\/wp\/v2\/product"}],"about":[{"href":"https:\/\/bossstack.com.vn\/vi\/wp-json\/wp\/v2\/types\/product"}],"wp:featuredmedia":[{"embeddable":true,"href":"https:\/\/bossstack.com.vn\/vi\/wp-json\/wp\/v2\/media\/13024"}],"wp:attachment":[{"href":"https:\/\/bossstack.com.vn\/vi\/wp-json\/wp\/v2\/media?parent=13023"}],"wp:term":[{"taxonomy":"product_cat","embeddable":true,"href":"https:\/\/bossstack.com.vn\/vi\/wp-json\/wp\/v2\/product_cat?post=13023"},{"taxonomy":"product_tag","embeddable":true,"href":"https:\/\/bossstack.com.vn\/vi\/wp-json\/wp\/v2\/product_tag?post=13023"}],"curies":[{"name":"wp","href":"https:\/\/api.w.org\/{rel}","templated":true}]}}