{"id":13027,"date":"2024-03-16T10:15:31","date_gmt":"2024-03-16T03:15:31","guid":{"rendered":"https:\/\/bossstack.com.vn\/?post_type=product&#038;p=13027"},"modified":"2024-03-16T10:15:31","modified_gmt":"2024-03-16T03:15:31","slug":"wood-pellet","status":"publish","type":"product","link":"https:\/\/bossstack.com.vn\/vi\/san-pham\/wood-pellet\/","title":{"rendered":"Vi\u00ean n\u00e9n g\u1ed7"},"content":{"rendered":"","protected":false},"excerpt":{"rendered":"<p>\u0110\u01b0\u1ee3c ch\u1ebf bi\u1ebfn t\u1eeb g\u1ed7 ch\u1ea5t l\u01b0\u1ee3ng cao, vi\u00ean n\u00e9n g\u1ed7 l\u00e0 ngu\u1ed3n nhi\u00ean li\u1ec7u ho\u00e0n h\u1ea3o cho l\u00f2 n\u01b0\u1edbng ho\u1eb7c b\u1ebfp c\u1ee7a b\u1ea1n. \u0110\u01b0\u1ee3c l\u00e0m t\u1eeb c\u00e1c lo\u1ea1i g\u1ed7 c\u1ee9ng v\u00e0 b\u1ec1n v\u1eefng, vi\u00ean n\u00e9n g\u1ed7 t\u1ea1o ra l\u1eeda s\u1ea1ch v\u00e0 \u1ed5n \u0111\u1ecbnh, mang l\u1ea1i h\u01b0\u01a1ng v\u1ecb kh\u00f3i \u0111\u1eadm \u0111\u00e0 cho c\u00e1c m\u00f3n th\u1ecbt, rau c\u1ee7 v\u00e0 nhi\u1ec1u h\u01a1n th\u1ebf n\u1eefa.<\/p>","protected":false},"featured_media":13028,"template":"","meta":[],"product_cat":[123,124],"product_tag":[],"class_list":{"0":"post-13027","1":"product","2":"type-product","3":"status-publish","4":"has-post-thumbnail","6":"product_cat-farm-produce-products","7":"product_cat-greenery-products","9":"first","10":"instock","11":"shipping-taxable","12":"product-type-external"},"_links":{"self":[{"href":"https:\/\/bossstack.com.vn\/vi\/wp-json\/wp\/v2\/product\/13027","targetHints":{"allow":["GET"]}}],"collection":[{"href":"https:\/\/bossstack.com.vn\/vi\/wp-json\/wp\/v2\/product"}],"about":[{"href":"https:\/\/bossstack.com.vn\/vi\/wp-json\/wp\/v2\/types\/product"}],"wp:featuredmedia":[{"embeddable":true,"href":"https:\/\/bossstack.com.vn\/vi\/wp-json\/wp\/v2\/media\/13028"}],"wp:attachment":[{"href":"https:\/\/bossstack.com.vn\/vi\/wp-json\/wp\/v2\/media?parent=13027"}],"wp:term":[{"taxonomy":"product_cat","embeddable":true,"href":"https:\/\/bossstack.com.vn\/vi\/wp-json\/wp\/v2\/product_cat?post=13027"},{"taxonomy":"product_tag","embeddable":true,"href":"https:\/\/bossstack.com.vn\/vi\/wp-json\/wp\/v2\/product_tag?post=13027"}],"curies":[{"name":"wp","href":"https:\/\/api.w.org\/{rel}","templated":true}]}}