{"id":13029,"date":"2024-03-16T10:17:04","date_gmt":"2024-03-16T03:17:04","guid":{"rendered":"https:\/\/bossstack.com.vn\/?post_type=product&#038;p=13029"},"modified":"2024-03-16T10:17:05","modified_gmt":"2024-03-16T03:17:05","slug":"edible-birds-nest","status":"publish","type":"product","link":"https:\/\/bossstack.com.vn\/vi\/san-pham\/edible-birds-nest\/","title":{"rendered":"Y\u1ebfn th\u00f4"},"content":{"rendered":"","protected":false},"excerpt":{"rendered":"<p>\u0110\u01b0\u1ee3c l\u00e0m th\u1ee7 c\u00f4ng t\u1eeb n\u01b0\u1edbc d\u00e3i chim y\u1ebfn, y\u1ebfn th\u00f4 \u0111\u01b0\u1ee3c thu ho\u1ea1ch, l\u00e0m s\u1ea1ch v\u00e0 chu\u1ea9n b\u1ecb m\u1ed9t c\u00e1ch t\u1ec9 m\u1ec9 \u0111\u1ec3 \u0111em l\u1ea1i tr\u1ea3i nghi\u1ec7m \u1ea9m th\u1ef1c \u0111\u1ed9c \u0111\u00e1o. N\u1ed5i ti\u1ebfng v\u1edbi h\u01b0\u01a1ng v\u1ecb tinh t\u1ebf v\u00e0 nhi\u1ec1u l\u1ee3i \u00edch cho s\u1ee9c kh\u1ecfe, bao g\u1ed3m h\u00e0m l\u01b0\u1ee3ng protein phong ph\u00fa v\u00e0 c\u00e1c d\u01b0\u1ee1ng ch\u1ea5t c\u1ea7n thi\u1ebft, t\u1ed5 y\u1ebfn l\u00e0 nguy\u00ean li\u1ec7u th\u01b0\u1ee3ng h\u1ea1ng cho c\u00e1c m\u00f3n s\u00fap, m\u00f3n tr\u00e1ng mi\u1ec7ng v\u00e0 \u0111\u1ed3 u\u1ed1ng.<\/p>","protected":false},"featured_media":13030,"template":"","meta":[],"product_cat":[123,122],"product_tag":[],"class_list":{"0":"post-13029","1":"product","2":"type-product","3":"status-publish","4":"has-post-thumbnail","6":"product_cat-farm-produce-products","7":"product_cat-food-products","9":"first","10":"instock","11":"shipping-taxable","12":"product-type-external"},"_links":{"self":[{"href":"https:\/\/bossstack.com.vn\/vi\/wp-json\/wp\/v2\/product\/13029","targetHints":{"allow":["GET"]}}],"collection":[{"href":"https:\/\/bossstack.com.vn\/vi\/wp-json\/wp\/v2\/product"}],"about":[{"href":"https:\/\/bossstack.com.vn\/vi\/wp-json\/wp\/v2\/types\/product"}],"wp:featuredmedia":[{"embeddable":true,"href":"https:\/\/bossstack.com.vn\/vi\/wp-json\/wp\/v2\/media\/13030"}],"wp:attachment":[{"href":"https:\/\/bossstack.com.vn\/vi\/wp-json\/wp\/v2\/media?parent=13029"}],"wp:term":[{"taxonomy":"product_cat","embeddable":true,"href":"https:\/\/bossstack.com.vn\/vi\/wp-json\/wp\/v2\/product_cat?post=13029"},{"taxonomy":"product_tag","embeddable":true,"href":"https:\/\/bossstack.com.vn\/vi\/wp-json\/wp\/v2\/product_tag?post=13029"}],"curies":[{"name":"wp","href":"https:\/\/api.w.org\/{rel}","templated":true}]}}